{"id":131,"date":"2013-07-15T07:47:15","date_gmt":"2013-07-15T06:47:15","guid":{"rendered":"http:\/\/mobillab.etsmtl.ca\/?page_id=131"},"modified":"2013-07-15T07:47:15","modified_gmt":"2013-07-15T06:47:15","slug":"appreciations","status":"publish","type":"page","link":"https:\/\/mobillab.etsmtl.ca\/?page_id=131","title":{"rendered":"Appr\u00e9ciations"},"content":{"rendered":"<p>Entrevue avec Radhi Mhiri, conseiller en techno-p\u00e9dagogie qui a contribu\u00e9 au d\u00e9veloppement de l&rsquo;exp\u00e9rience du TLAD et de sa mise en application. Il nous explique le fonctionnement du TLAD et nous livre son appr\u00e9ciation de l&rsquo;exp\u00e9rience du TLAD.<br \/>\n<iframe loading=\"lazy\" title=\"Travaux de Laboratoire \u00e0 Distance (TLAD) : Radhi Mhiri explique le fonctionnement du TLAD\" width=\"605\" height=\"340\" src=\"https:\/\/www.youtube.com\/embed\/ScnSEeukbDI?feature=oembed\" frameborder=\"0\" allow=\"accelerometer; autoplay; clipboard-write; encrypted-media; gyroscope; picture-in-picture; web-share\" referrerpolicy=\"strict-origin-when-cross-origin\" allowfullscreen><\/iframe><\/p>\n<p>Entrevue avec Vah\u00e9 Nerguizian, professeur au D\u00e9partement de g\u00e9nie \u00e9lectrique de l&rsquo;\u00c9TS. Il nous parle de son exp\u00e9rience avec le TLAD dans le cadre du cours ELE-200. Il a particip\u00e9 \u00e0 son d\u00e9ploiement du projet TLAD et nous parle de la r\u00e9action des \u00e9tudiants.<br \/>\n<iframe loading=\"lazy\" title=\"Travaux de Laboratoire \u00e0 Distance (TLAD) : Vah\u00e9 Nerguizian, professeur en g\u00e9nie \u00e9lectrique\" width=\"605\" height=\"340\" src=\"https:\/\/www.youtube.com\/embed\/0XFTrlLXW8A?feature=oembed\" frameborder=\"0\" allow=\"accelerometer; autoplay; clipboard-write; encrypted-media; gyroscope; picture-in-picture; web-share\" referrerpolicy=\"strict-origin-when-cross-origin\" allowfullscreen><\/iframe><br \/>\nEntrevue avec David, \u00e9tudiant en g\u00e9nie \u00e9lectrique \u00e0 l&rsquo;\u00c9TS qui nous parle de son exp\u00e9rience avec le TLAD dans le cadre du cours ELE-200.<br \/>\n<iframe loading=\"lazy\" title=\"TLAD : t\u00e9moignage d&#039;un \u00e9tudiant qui a particip\u00e9 aux Travaux de Laboratoire \u00e0 Distance \u00e0 l&#039;\u00c9TS\" width=\"605\" height=\"340\" src=\"https:\/\/www.youtube.com\/embed\/madZYQy3Q34?feature=oembed\" frameborder=\"0\" allow=\"accelerometer; autoplay; clipboard-write; encrypted-media; gyroscope; picture-in-picture; web-share\" referrerpolicy=\"strict-origin-when-cross-origin\" allowfullscreen><\/iframe><\/p>\n<p>Entrevue avec Jonathan, \u00e9tudiant en g\u00e9nie \u00e9lectrique \u00e0 l&rsquo;\u00c9TS qui nous parle de son exp\u00e9rience avec le TLAD dans le cadre du cours ELE-200.<br \/>\n<iframe loading=\"lazy\" title=\"TLAD : t\u00e9moignage d&#039;un \u00e9tudiant qui a particip\u00e9 aux Travaux de Laboratoire \u00e0 Distance \u00e0 l&#039;\u00c9TS\" width=\"605\" height=\"340\" src=\"https:\/\/www.youtube.com\/embed\/YFkYRmug_9U?feature=oembed\" frameborder=\"0\" allow=\"accelerometer; autoplay; clipboard-write; encrypted-media; gyroscope; picture-in-picture; web-share\" referrerpolicy=\"strict-origin-when-cross-origin\" allowfullscreen><\/iframe><\/p>\n<p>Entrevue avec Mamane Moustapha Dodo Amadou, technicien de laboratoire au D\u00e9partement de g\u00e9nie \u00e9lectrique \u00e0 l&rsquo;\u00c9TS. Il parle de son exp\u00e9rience avec le TLAD dans le cadre du cours ELE-200. Il a particip\u00e9 \u00e0 la premi\u00e8re exp\u00e9rience du TLAD et nous parle de la r\u00e9action des \u00e9tudiants et de son r\u00f4le au sein du projet.<br \/>\n<iframe loading=\"lazy\" title=\"Travaux de Laboratoire \u00e0 Distance (TLAD) : entrevue avec un technicien de laboratoire de l&#039;\u00c9TS\" width=\"605\" height=\"340\" src=\"https:\/\/www.youtube.com\/embed\/_2f31jpiJGE?feature=oembed\" frameborder=\"0\" allow=\"accelerometer; autoplay; clipboard-write; encrypted-media; gyroscope; picture-in-picture; web-share\" referrerpolicy=\"strict-origin-when-cross-origin\" allowfullscreen><\/iframe><\/p>\n","protected":false},"excerpt":{"rendered":"<p>Entrevue avec Radhi Mhiri, conseiller en techno-p\u00e9dagogie qui a contribu\u00e9 au d\u00e9veloppement de l&rsquo;exp\u00e9rience du TLAD et de sa mise en application. Il nous explique le fonctionnement du TLAD et nous livre son appr\u00e9ciation de l&rsquo;exp\u00e9rience du TLAD. Entrevue avec<span class=\"ellipsis\">&hellip;<\/span><\/p>\n<div class=\"read-more\"><a href=\"https:\/\/mobillab.etsmtl.ca\/?page_id=131\">Lire la suite &#8250;<\/a><\/div>\n<p><!-- end of .read-more --><\/p>\n","protected":false},"author":1,"featured_media":0,"parent":40,"menu_order":0,"comment_status":"closed","ping_status":"closed","template":"","meta":{"footnotes":""},"class_list":["post-131","page","type-page","status-publish","hentry"],"_links":{"self":[{"href":"https:\/\/mobillab.etsmtl.ca\/index.php?rest_route=\/wp\/v2\/pages\/131","targetHints":{"allow":["GET"]}}],"collection":[{"href":"https:\/\/mobillab.etsmtl.ca\/index.php?rest_route=\/wp\/v2\/pages"}],"about":[{"href":"https:\/\/mobillab.etsmtl.ca\/index.php?rest_route=\/wp\/v2\/types\/page"}],"author":[{"embeddable":true,"href":"https:\/\/mobillab.etsmtl.ca\/index.php?rest_route=\/wp\/v2\/users\/1"}],"replies":[{"embeddable":true,"href":"https:\/\/mobillab.etsmtl.ca\/index.php?rest_route=%2Fwp%2Fv2%2Fcomments&post=131"}],"version-history":[{"count":0,"href":"https:\/\/mobillab.etsmtl.ca\/index.php?rest_route=\/wp\/v2\/pages\/131\/revisions"}],"up":[{"embeddable":true,"href":"https:\/\/mobillab.etsmtl.ca\/index.php?rest_route=\/wp\/v2\/pages\/40"}],"wp:attachment":[{"href":"https:\/\/mobillab.etsmtl.ca\/index.php?rest_route=%2Fwp%2Fv2%2Fmedia&parent=131"}],"curies":[{"name":"wp","href":"https:\/\/api.w.org\/{rel}","templated":true}]}}