{"id":154,"date":"2014-04-10T03:03:23","date_gmt":"2014-04-10T02:03:23","guid":{"rendered":"http:\/\/mobillab.etsmtl.ca\/?page_id=154"},"modified":"2014-04-10T03:03:23","modified_gmt":"2014-04-10T02:03:23","slug":"le-modle-ts","status":"publish","type":"page","link":"https:\/\/mobillab.etsmtl.ca\/?page_id=154","title":{"rendered":"Le mod\u00e8le \u00c9TS"},"content":{"rendered":"<p><a href=\" http:\/\/mobillab.etsmtl.ca\/wp-content\/uploads\/2014\/04\/ETS.png\"><img loading=\"lazy\" decoding=\"async\" src=\" http:\/\/mobillab.etsmtl.ca\/wp-content\/uploads\/2014\/04\/ETS.png\" alt=\"\" title=\"ETS\" width=\"231\" height=\"155\" class=\"alignnone size-full wp-image-210\" \/><\/a><\/p>\n<p><strong>Le mod\u00e8le :<\/strong><br \/>\n<a href=\" http:\/\/mobillab.etsmtl.ca\/wp-content\/uploads\/2014\/04\/ModeleETS.png\"><img loading=\"lazy\" decoding=\"async\" src=\" http:\/\/mobillab.etsmtl.ca\/wp-content\/uploads\/2014\/04\/ModeleETS.png\" alt=\"\" title=\"ModeleETS\" width=\"990\" height=\"743\" class=\"aligncenter size-full wp-image-161\" \/><\/a><\/p>\n<p><strong>L&rsquo;&eacute;quipe :<\/strong><br \/>\n<a href=\" http:\/\/mobillab.etsmtl.ca\/wp-content\/uploads\/2014\/04\/EquipeETS1.png\"><img loading=\"lazy\" decoding=\"async\" src=\" http:\/\/mobillab.etsmtl.ca\/wp-content\/uploads\/2014\/04\/EquipeETS1-1024x383.png\" alt=\"\" title=\"EquipeETS\" width=\"550\" height=\"205\" class=\"aligncenter size-large wp-image-156\" \/><\/a><\/p>\n<p>Le mod\u00e8le expliqu\u00e9 sur une capsule vid\u00e9o :<br \/>\n<iframe loading=\"lazy\" title=\"classeInvers\u00e9e-NV\" width=\"605\" height=\"340\" src=\"https:\/\/www.youtube.com\/embed\/-AFC316Uns4?feature=oembed\" frameborder=\"0\" allow=\"accelerometer; autoplay; clipboard-write; encrypted-media; gyroscope; picture-in-picture; web-share\" referrerpolicy=\"strict-origin-when-cross-origin\" allowfullscreen><\/iframe><\/p>\n","protected":false},"excerpt":{"rendered":"<p>Le mod\u00e8le : L&rsquo;&eacute;quipe : Le mod\u00e8le expliqu\u00e9 sur une capsule vid\u00e9o :<\/p>\n","protected":false},"author":1,"featured_media":0,"parent":141,"menu_order":0,"comment_status":"closed","ping_status":"closed","template":"full-width-page.php","meta":{"footnotes":""},"class_list":["post-154","page","type-page","status-publish","hentry"],"_links":{"self":[{"href":"https:\/\/mobillab.etsmtl.ca\/index.php?rest_route=\/wp\/v2\/pages\/154","targetHints":{"allow":["GET"]}}],"collection":[{"href":"https:\/\/mobillab.etsmtl.ca\/index.php?rest_route=\/wp\/v2\/pages"}],"about":[{"href":"https:\/\/mobillab.etsmtl.ca\/index.php?rest_route=\/wp\/v2\/types\/page"}],"author":[{"embeddable":true,"href":"https:\/\/mobillab.etsmtl.ca\/index.php?rest_route=\/wp\/v2\/users\/1"}],"replies":[{"embeddable":true,"href":"https:\/\/mobillab.etsmtl.ca\/index.php?rest_route=%2Fwp%2Fv2%2Fcomments&post=154"}],"version-history":[{"count":0,"href":"https:\/\/mobillab.etsmtl.ca\/index.php?rest_route=\/wp\/v2\/pages\/154\/revisions"}],"up":[{"embeddable":true,"href":"https:\/\/mobillab.etsmtl.ca\/index.php?rest_route=\/wp\/v2\/pages\/141"}],"wp:attachment":[{"href":"https:\/\/mobillab.etsmtl.ca\/index.php?rest_route=%2Fwp%2Fv2%2Fmedia&parent=154"}],"curies":[{"name":"wp","href":"https:\/\/api.w.org\/{rel}","templated":true}]}}