{"id":27,"date":"2012-10-20T18:03:57","date_gmt":"2012-10-20T17:03:57","guid":{"rendered":"http:\/\/mobillab.etsmtl.ca\/?page_id=27"},"modified":"2012-10-20T18:03:57","modified_gmt":"2012-10-20T17:03:57","slug":"technologie","status":"publish","type":"page","link":"https:\/\/mobillab.etsmtl.ca\/?page_id=27","title":{"rendered":"Technologie"},"content":{"rendered":"<p>LES TIC<br \/>\nLes technologies de l\u2019information et de la communication (TIC) sont de plus en plus utilis\u00e9es et adopt\u00e9es de fa\u00e7on variable par les \u00e9tablissements d\u2019enseignement sup\u00e9rieur \u00e0 travers le monde. Les TIC apparaissent autant comme une prestation pr\u00e9sentielle sur le campus que comme un enseignement ouvert et \u00e0 distance.<br \/>\nLes TIC dans l\u2019enseignement sup\u00e9rieur sont essentiellement utilis\u00e9s pour le d\u00e9veloppement de mat\u00e9riels de cours, la distribution des contenus, le partage des contenus, la communication entre les \u00e9tudiants, les enseignants et le monde ext\u00e9rieur; pour la cr\u00e9ation et la diffusion de pr\u00e9sentations et de conf\u00e9rences, la recherche acad\u00e9mique, le soutien administratif et l\u2019inscription des \u00e9tudiants.<\/p>\n<p>Avec l\u2019\u00e9volution  de l\u2019\u00e9lectronique, on assiste \u00e0 la miniaturisation de divers dispositifs et la r\u00e9duction de leurs co\u00fbts. Ceci est \u00e0 l\u2019origine du concept de laboratoire chez- soit (Lab@home) pour les formations en g\u00e9nie \u00e9lectrique. On peut ainsi sur une surface r\u00e9duite disposer de l\u2019\u00e9lectronique n\u00e9cessaire \u00e0 l\u2019acquisition ou la g\u00e9n\u00e9ration de signaux ainsi que de leurs traitements et leurs transferts vers une interface qui communique avec  un ordinateur.  Nous avons choisi dans notre exp\u00e9rimentation d\u2019utiliser le Kit \u00ab Electronics Explorer \u00bb de Digilent (Site Dgilent). Le Kit connect\u00e9 par un c\u00e2ble USB \u00e0 un ordinateur sur lequel on a install\u00e9 le logiciel appropri\u00e9, il peut jouer le r\u00f4le de pas moins de cinq appareils de laboratoire comme l\u2019illustre la figure1 (Alimentation \u00e9lectrique, g\u00e9n\u00e9rateur de signaux, multim\u00e8tre, oscilloscope et  analyseur de signaux). La face du Kit est une plaque d\u2019essai (breadboard) qui permet le c\u00e2blage et le test  de tout type de circuit \u00e9lectronique<\/p>\n","protected":false},"excerpt":{"rendered":"<p>LES TIC Les technologies de l\u2019information et de la communication (TIC) sont de plus en plus utilis\u00e9es et adopt\u00e9es de fa\u00e7on variable par les \u00e9tablissements d\u2019enseignement sup\u00e9rieur \u00e0 travers le monde. Les TIC apparaissent autant comme une prestation pr\u00e9sentielle sur<span class=\"ellipsis\">&hellip;<\/span><\/p>\n<div class=\"read-more\"><a href=\"https:\/\/mobillab.etsmtl.ca\/?page_id=27\">Lire la suite &#8250;<\/a><\/div>\n<p><!-- end of .read-more --><\/p>\n","protected":false},"author":1,"featured_media":0,"parent":106,"menu_order":2,"comment_status":"closed","ping_status":"closed","template":"full-width-page.php","meta":{"footnotes":""},"class_list":["post-27","page","type-page","status-publish","hentry"],"_links":{"self":[{"href":"https:\/\/mobillab.etsmtl.ca\/index.php?rest_route=\/wp\/v2\/pages\/27","targetHints":{"allow":["GET"]}}],"collection":[{"href":"https:\/\/mobillab.etsmtl.ca\/index.php?rest_route=\/wp\/v2\/pages"}],"about":[{"href":"https:\/\/mobillab.etsmtl.ca\/index.php?rest_route=\/wp\/v2\/types\/page"}],"author":[{"embeddable":true,"href":"https:\/\/mobillab.etsmtl.ca\/index.php?rest_route=\/wp\/v2\/users\/1"}],"replies":[{"embeddable":true,"href":"https:\/\/mobillab.etsmtl.ca\/index.php?rest_route=%2Fwp%2Fv2%2Fcomments&post=27"}],"version-history":[{"count":0,"href":"https:\/\/mobillab.etsmtl.ca\/index.php?rest_route=\/wp\/v2\/pages\/27\/revisions"}],"up":[{"embeddable":true,"href":"https:\/\/mobillab.etsmtl.ca\/index.php?rest_route=\/wp\/v2\/pages\/106"}],"wp:attachment":[{"href":"https:\/\/mobillab.etsmtl.ca\/index.php?rest_route=%2Fwp%2Fv2%2Fmedia&parent=27"}],"curies":[{"name":"wp","href":"https:\/\/api.w.org\/{rel}","templated":true}]}}