{"id":29,"date":"2012-10-20T18:17:27","date_gmt":"2012-10-20T17:17:27","guid":{"rendered":"http:\/\/mobillab.etsmtl.ca\/?page_id=29"},"modified":"2012-10-20T18:17:27","modified_gmt":"2012-10-20T17:17:27","slug":"propos","status":"publish","type":"page","link":"https:\/\/mobillab.etsmtl.ca\/?page_id=29","title":{"rendered":"\u00c0 propos"},"content":{"rendered":"<p>Les promesses des TIC peuvent \u00eatre encore plus larges ; elles favorisent un apprentissage davantage en profondeur o\u00f9 les \u00e9tudiants font un traitement actif de l\u2019information et utilisent des strat\u00e9gies d\u2019\u00e9laboration et d\u2019organisation. Les TIC favorisent aussi des discussions engendrant des apprentissages de haut niveau bas\u00e9s sur l\u2019analyse, l\u2019\u00e9valuation, la critique. Beaucoup de projets se sont int\u00e9ress\u00e9s \u00e0 l\u2019int\u00e9gration des TIC dans des diff\u00e9rents enseignements et on assiste particuli\u00e8rement \u00e0 une \u00e9volution des offres de formations \u00e0 distance bas\u00e9e sur l\u2019utilisation des TIC.<br \/>\nNous nous int\u00e9ressons ici aux formations comprenant des travaux de laboratoire o\u00f9 les exp\u00e9riences de r\u00e9alisation \u00e0 distance restent limit\u00e9es alors que l\u2019apport des TIC pour ce genre d\u2019activit\u00e9 pourrait \u00eatre extr\u00eamement important.<br \/>\nNotre travail s\u2019est initi\u00e9 sur la  base d\u2019un projet FODAR  de l\u2019universit\u00e9 du Qu\u00e9bec qi est venu \u00e0 la suite d\u2019un premier <a href=\"http:\/\/elab.etsmtl.ca\/\">projet de collaboration<\/a>  \u00e0 l\u2019\u00c9TS dirig\u00e9 par Professeur Saad Maarouf et  qui avait pour objectif de mettre en r\u00e9seau les laboratoires de l\u2019\u00c9TS et de trois C\u00c9GEP (Sorel-Tracy; Valleyfield et Granby Haute-Yamaska) <\/p>\n","protected":false},"excerpt":{"rendered":"<p>Les promesses des TIC peuvent \u00eatre encore plus larges ; elles favorisent un apprentissage davantage en profondeur o\u00f9 les \u00e9tudiants font un traitement actif de l\u2019information et utilisent des strat\u00e9gies d\u2019\u00e9laboration et d\u2019organisation. Les TIC favorisent aussi des discussions engendrant<span class=\"ellipsis\">&hellip;<\/span><\/p>\n<div class=\"read-more\"><a href=\"https:\/\/mobillab.etsmtl.ca\/?page_id=29\">Lire la suite &#8250;<\/a><\/div>\n<p><!-- end of .read-more --><\/p>\n","protected":false},"author":1,"featured_media":0,"parent":0,"menu_order":7,"comment_status":"closed","ping_status":"closed","template":"full-width-page.php","meta":{"footnotes":""},"class_list":["post-29","page","type-page","status-publish","hentry"],"_links":{"self":[{"href":"https:\/\/mobillab.etsmtl.ca\/index.php?rest_route=\/wp\/v2\/pages\/29","targetHints":{"allow":["GET"]}}],"collection":[{"href":"https:\/\/mobillab.etsmtl.ca\/index.php?rest_route=\/wp\/v2\/pages"}],"about":[{"href":"https:\/\/mobillab.etsmtl.ca\/index.php?rest_route=\/wp\/v2\/types\/page"}],"author":[{"embeddable":true,"href":"https:\/\/mobillab.etsmtl.ca\/index.php?rest_route=\/wp\/v2\/users\/1"}],"replies":[{"embeddable":true,"href":"https:\/\/mobillab.etsmtl.ca\/index.php?rest_route=%2Fwp%2Fv2%2Fcomments&post=29"}],"version-history":[{"count":0,"href":"https:\/\/mobillab.etsmtl.ca\/index.php?rest_route=\/wp\/v2\/pages\/29\/revisions"}],"wp:attachment":[{"href":"https:\/\/mobillab.etsmtl.ca\/index.php?rest_route=%2Fwp%2Fv2%2Fmedia&parent=29"}],"curies":[{"name":"wp","href":"https:\/\/api.w.org\/{rel}","templated":true}]}}