{"id":32,"date":"2012-10-20T18:40:16","date_gmt":"2012-10-20T17:40:16","guid":{"rendered":"http:\/\/mobillab.etsmtl.ca\/?page_id=32"},"modified":"2012-10-20T18:40:16","modified_gmt":"2012-10-20T17:40:16","slug":"dveloppement","status":"publish","type":"page","link":"https:\/\/mobillab.etsmtl.ca\/?page_id=32","title":{"rendered":"D\u00e9veloppement"},"content":{"rendered":"<p>Les activit\u00e9s ont \u00e9t\u00e9 conduites en vue de d\u00e9velopper un mod\u00e8le de travaux de laboratoire \u00e0 distance (TLAD) bas\u00e9 sur l\u2019exploitation de Kits \u00e9lectroniques contr\u00f4l\u00e9s par des logiciels appropri\u00e9s qui permettent de substituer tous les \u00e9quipements d\u2019un laboratoire conventionnel.<br \/>\n<center><a href=\" http:\/\/mobillab.etsmtl.ca\/wp-content\/uploads\/2012\/10\/equipement.jpg\"><img loading=\"lazy\" decoding=\"async\" src=\" http:\/\/mobillab.etsmtl.ca\/wp-content\/uploads\/2012\/10\/equipement-300x157.jpg\" alt=\"\u00c9quipement de laboration conventionnel\" title=\"\u00c9quipement de laboration conventionnel\" width=\"448\" height=\"230\" class=\"alignnone size-medium wp-image-33\" \/><\/a><\/center><br \/>\nCe travail s\u2019est pr\u00e9occup\u00e9 aussi de l\u2019aspect p\u00e9dagogique et a veill\u00e9 \u00e0 ce que les TLAD soient bas\u00e9es sur les approches de la p\u00e9dagogie active et soient aussi une occasion pour que l\u2019\u00e9tudiant d\u00e9couvre des aspects applicatifs de son travail dans le monde industriel \u00e0 travers des visites virtuelles de sites industriels appropri\u00e9s. Le tableau ci joint illustre les des visites virtuelles de sites industriels appropri\u00e9s. Le tableau ci joint illustre les caract\u00e9ristiques de base du TLAD.<br \/>\n<center><a href=\" http:\/\/mobillab.etsmtl.ca\/wp-content\/uploads\/2012\/10\/caracteristiques.jpg\"><img loading=\"lazy\" decoding=\"async\" src=\" http:\/\/mobillab.etsmtl.ca\/wp-content\/uploads\/2012\/10\/caracteristiques.jpg\" alt=\"Caracteristiques de base du TLAD\" title=\"Caracteristiques de base du TLAD\" width=\"448\" height=\"230\" class=\"alignnone size-full wp-image-34\" \/><\/a><\/center><\/p>\n","protected":false},"excerpt":{"rendered":"<p>Les activit\u00e9s ont \u00e9t\u00e9 conduites en vue de d\u00e9velopper un mod\u00e8le de travaux de laboratoire \u00e0 distance (TLAD) bas\u00e9 sur l\u2019exploitation de Kits \u00e9lectroniques contr\u00f4l\u00e9s par des logiciels appropri\u00e9s qui permettent de substituer tous les \u00e9quipements d\u2019un laboratoire conventionnel. Ce<span class=\"ellipsis\">&hellip;<\/span><\/p>\n<div class=\"read-more\"><a href=\"https:\/\/mobillab.etsmtl.ca\/?page_id=32\">Lire la suite &#8250;<\/a><\/div>\n<p><!-- end of .read-more --><\/p>\n","protected":false},"author":1,"featured_media":0,"parent":0,"menu_order":3,"comment_status":"closed","ping_status":"closed","template":"full-width-page.php","meta":{"footnotes":""},"class_list":["post-32","page","type-page","status-publish","hentry"],"_links":{"self":[{"href":"https:\/\/mobillab.etsmtl.ca\/index.php?rest_route=\/wp\/v2\/pages\/32","targetHints":{"allow":["GET"]}}],"collection":[{"href":"https:\/\/mobillab.etsmtl.ca\/index.php?rest_route=\/wp\/v2\/pages"}],"about":[{"href":"https:\/\/mobillab.etsmtl.ca\/index.php?rest_route=\/wp\/v2\/types\/page"}],"author":[{"embeddable":true,"href":"https:\/\/mobillab.etsmtl.ca\/index.php?rest_route=\/wp\/v2\/users\/1"}],"replies":[{"embeddable":true,"href":"https:\/\/mobillab.etsmtl.ca\/index.php?rest_route=%2Fwp%2Fv2%2Fcomments&post=32"}],"version-history":[{"count":0,"href":"https:\/\/mobillab.etsmtl.ca\/index.php?rest_route=\/wp\/v2\/pages\/32\/revisions"}],"wp:attachment":[{"href":"https:\/\/mobillab.etsmtl.ca\/index.php?rest_route=%2Fwp%2Fv2%2Fmedia&parent=32"}],"curies":[{"name":"wp","href":"https:\/\/api.w.org\/{rel}","templated":true}]}}