{"id":40,"date":"2012-10-20T18:58:40","date_gmt":"2012-10-20T17:58:40","guid":{"rendered":"http:\/\/mobillab.etsmtl.ca\/?page_id=40"},"modified":"2012-10-20T18:58:40","modified_gmt":"2012-10-20T17:58:40","slug":"exprimentations","status":"publish","type":"page","link":"https:\/\/mobillab.etsmtl.ca\/?page_id=40","title":{"rendered":"Exp\u00e9rimentations"},"content":{"rendered":"<p>Le travail a \u00e9t\u00e9 d\u00e9velopp\u00e9 autour du cours d\u2019\u00e9lectronique analogique \u00c9LE200 de l\u2019\u00c9TS. Apr\u00e8s quelques tests exp\u00e9rimentaux, il a \u00e9t\u00e9 int\u00e9gr\u00e9 au niveau du cours donn\u00e9 lors de la session d\u2019automne 2012 pour 80 \u00e9tudiants. Son int\u00e9gration s\u2019est faite dans un mod\u00e8le original. Les travaux de laboratoire se faisaient pour ce cours sous forme de projet qui s\u2019\u00e9tale sur toute la session. L\u2019approche par projet permet le d\u00e9veloppement de plusieurs comp\u00e9tences mais avait la limite de se concentrer plut\u00f4t sur l\u2019aboutissement du projet et le fonctionnement de la r\u00e9alisation. Le TLAD se pr\u00e9occupe davantage de l\u2019analyse scientifique et de l\u2019articulation entre th\u00e9orie et pratique.  Il apporte m\u00eame des enrichissements pour la r\u00e9alisation du projet et l\u2019interpr\u00e9tation des r\u00e9sultats. Durant la m\u00eame s\u00e9ance, la moiti\u00e9 des \u00e9tudiants travaillent avec des Kits physiquement disponibles dans la salle (laboratoire chez soi) et l\u2019autre moiti\u00e9 avec des Kits \u00e0 distance avec la supervision d\u2019un tuteur comme le montre la figure suivante.<br \/>\n<center><a href=\" http:\/\/mobillab.etsmtl.ca\/wp-content\/uploads\/2012\/10\/architecture.jpg\"><img loading=\"lazy\" decoding=\"async\" src=\" http:\/\/mobillab.etsmtl.ca\/wp-content\/uploads\/2012\/10\/architecture.jpg\" alt=\"Architecture du TLAD\" title=\"Architecture du TLAD\" width=\"710\" height=\"320\" class=\"alignnone size-full wp-image-41\" \/><\/a><\/center><\/p>\n","protected":false},"excerpt":{"rendered":"<p>Le travail a \u00e9t\u00e9 d\u00e9velopp\u00e9 autour du cours d\u2019\u00e9lectronique analogique \u00c9LE200 de l\u2019\u00c9TS. Apr\u00e8s quelques tests exp\u00e9rimentaux, il a \u00e9t\u00e9 int\u00e9gr\u00e9 au niveau du cours donn\u00e9 lors de la session d\u2019automne 2012 pour 80 \u00e9tudiants. Son int\u00e9gration s\u2019est faite dans<span class=\"ellipsis\">&hellip;<\/span><\/p>\n<div class=\"read-more\"><a href=\"https:\/\/mobillab.etsmtl.ca\/?page_id=40\">Lire la suite &#8250;<\/a><\/div>\n<p><!-- end of .read-more --><\/p>\n","protected":false},"author":1,"featured_media":0,"parent":0,"menu_order":4,"comment_status":"closed","ping_status":"closed","template":"full-width-page.php","meta":{"footnotes":""},"class_list":["post-40","page","type-page","status-publish","hentry"],"_links":{"self":[{"href":"https:\/\/mobillab.etsmtl.ca\/index.php?rest_route=\/wp\/v2\/pages\/40","targetHints":{"allow":["GET"]}}],"collection":[{"href":"https:\/\/mobillab.etsmtl.ca\/index.php?rest_route=\/wp\/v2\/pages"}],"about":[{"href":"https:\/\/mobillab.etsmtl.ca\/index.php?rest_route=\/wp\/v2\/types\/page"}],"author":[{"embeddable":true,"href":"https:\/\/mobillab.etsmtl.ca\/index.php?rest_route=\/wp\/v2\/users\/1"}],"replies":[{"embeddable":true,"href":"https:\/\/mobillab.etsmtl.ca\/index.php?rest_route=%2Fwp%2Fv2%2Fcomments&post=40"}],"version-history":[{"count":0,"href":"https:\/\/mobillab.etsmtl.ca\/index.php?rest_route=\/wp\/v2\/pages\/40\/revisions"}],"wp:attachment":[{"href":"https:\/\/mobillab.etsmtl.ca\/index.php?rest_route=%2Fwp%2Fv2%2Fmedia&parent=40"}],"curies":[{"name":"wp","href":"https:\/\/api.w.org\/{rel}","templated":true}]}}