{"id":66,"date":"2012-10-20T20:23:41","date_gmt":"2012-10-20T19:23:41","guid":{"rendered":"http:\/\/mobillab.etsmtl.ca\/?page_id=66"},"modified":"2012-10-20T20:23:41","modified_gmt":"2012-10-20T19:23:41","slug":"publications","status":"publish","type":"page","link":"https:\/\/mobillab.etsmtl.ca\/?page_id=66","title":{"rendered":"Publications"},"content":{"rendered":"<p><a href=\" http:\/\/mobillab.etsmtl.ca\/wp-content\/uploads\/2012\/10\/toolbar_documents.png\"><img loading=\"lazy\" decoding=\"async\" src=\" http:\/\/mobillab.etsmtl.ca\/wp-content\/uploads\/2012\/10\/toolbar_documents.png\" alt=\"*\" title=\"toolbar_documents\" width=\"32\" height=\"32\" class=\"alignleft size-full wp-image-69\" \/><\/a>VAH\u00c9 NERGUIZIAN, RADHI MHIRI, HAMDJATOU KANE, JEAN-S\u00c9BASTIEN DESCH\u00caNES, HAMADOU SALIAH-HASSANE, MAAROUF SAAD, \u201cLab@home for analog electronic circuit laboratory\u201d, IEEE International Conference on E-Learning in Industrial Electronics, (ICELIE 2012), October 25-28, 2012, Montreal, Quebec, Canada.<\/p>\n<p><a href=\" http:\/\/mobillab.etsmtl.ca\/wp-content\/uploads\/2012\/10\/toolbar_documents.png\"><img loading=\"lazy\" decoding=\"async\" src=\" http:\/\/mobillab.etsmtl.ca\/wp-content\/uploads\/2012\/10\/toolbar_documents.png\" alt=\"*\" title=\"toolbar_documents\" width=\"32\" height=\"32\" class=\"alignleft size-full wp-image-69\" \/><\/a>RADHI MHIRI, MAAROUF SAAD, MOUSTAPHA DODO AMADOU, G\u00c9RALD BRADY, SABER OUERTANI, SANDRA SAHLI, HAMADOU SALIAH-HASSANE, VAH\u00c9 NERGUIZIAN, \u201cThe experience of a collaborative project on remote laboratory: From development to operation\u201d, IEEE International Conference on E-Learning in Industrial Electronics, (ICELIE 2012), October 25-28, 2012, Montreal, Quebec, Canada.<\/p>\n<p><a href=\" http:\/\/mobillab.etsmtl.ca\/wp-content\/uploads\/2012\/10\/toolbar_documents.png\"><img loading=\"lazy\" decoding=\"async\" src=\" http:\/\/mobillab.etsmtl.ca\/wp-content\/uploads\/2012\/10\/toolbar_documents.png\" alt=\"*\" title=\"toolbar_documents\" width=\"32\" height=\"32\" class=\"alignleft size-full wp-image-69\" \/><\/a>MAAROUF SAAD, RADHI MHIRI, VAH\u00c9 NERGUIZIAN, MOUSTAPHA DODO AMADOU, HAMADOU SALIAH-HASSANE, G\u00c9RALD BRADY, SABER OUERTANI, SANDRA SAHLI, \u201cCollaborative activities in the remote laboratory work\u201d, International Conference on Interactive Collaborative, (ICL 2012), September 26-28, 2012, Villach, Austria.<\/p>\n<p><a href=\" http:\/\/mobillab.etsmtl.ca\/wp-content\/uploads\/2012\/10\/toolbar_documents.png\"><img loading=\"lazy\" decoding=\"async\" src=\" http:\/\/mobillab.etsmtl.ca\/wp-content\/uploads\/2012\/10\/toolbar_documents.png\" alt=\"*\" title=\"toolbar_documents\" width=\"32\" height=\"32\" class=\"alignleft size-full wp-image-69\" \/><\/a>MHIRI, R., H., SAAD NERGUIZIAN, V., SALIAH-HASSANE, H, DODO A. M., SAHLI S., OUERTANI S.,   BRADY G., \u201cLa techno-p\u00e9dagogie dans les travaux de laboratoire contribue pour un meilleur apprentissage et plus de motivation en science et en technologie\u201d, Association internationale de p\u00e9dagogie universitaire (AIPU 2012),  May 14-18, 2012, Trois-Rivi\u00e8res, Quebec, Canada.<\/p>\n<p><a href=\" http:\/\/mobillab.etsmtl.ca\/wp-content\/uploads\/2012\/10\/toolbar_documents.png\"><img loading=\"lazy\" decoding=\"async\" src=\" http:\/\/mobillab.etsmtl.ca\/wp-content\/uploads\/2012\/10\/toolbar_documents.png\" alt=\"*\" title=\"toolbar_documents\" width=\"32\" height=\"32\" class=\"alignleft size-full wp-image-69\" \/><\/a>M. SAAD, R. MHIRI, V. NERGUIZIAN, M.AMADOU, H. SALIAH-HASSANE, S. OUERTANI, S. SAHLI, G. BRADY, \u201cLe laboratoire \u00e0 distance pour le partage et l\u2019innovation\u201d, en affiche,  Association internationale de p\u00e9dagogie universitaire (AIPU 2012),  May 14-18, 2012, Trois-Rivi\u00e8res, Quebec, Canada.<\/p>\n","protected":false},"excerpt":{"rendered":"<p>VAH\u00c9 NERGUIZIAN, RADHI MHIRI, HAMDJATOU KANE, JEAN-S\u00c9BASTIEN DESCH\u00caNES, HAMADOU SALIAH-HASSANE, MAAROUF SAAD, \u201cLab@home for analog electronic circuit laboratory\u201d, IEEE International Conference on E-Learning in Industrial Electronics, (ICELIE 2012), October 25-28, 2012, Montreal, Quebec, Canada. RADHI MHIRI, MAAROUF SAAD, MOUSTAPHA DODO<span class=\"ellipsis\">&hellip;<\/span><\/p>\n<div class=\"read-more\"><a href=\"https:\/\/mobillab.etsmtl.ca\/?page_id=66\">Lire la suite &#8250;<\/a><\/div>\n<p><!-- end of .read-more --><\/p>\n","protected":false},"author":1,"featured_media":0,"parent":0,"menu_order":5,"comment_status":"closed","ping_status":"closed","template":"full-width-page.php","meta":{"footnotes":""},"class_list":["post-66","page","type-page","status-publish","hentry"],"_links":{"self":[{"href":"https:\/\/mobillab.etsmtl.ca\/index.php?rest_route=\/wp\/v2\/pages\/66","targetHints":{"allow":["GET"]}}],"collection":[{"href":"https:\/\/mobillab.etsmtl.ca\/index.php?rest_route=\/wp\/v2\/pages"}],"about":[{"href":"https:\/\/mobillab.etsmtl.ca\/index.php?rest_route=\/wp\/v2\/types\/page"}],"author":[{"embeddable":true,"href":"https:\/\/mobillab.etsmtl.ca\/index.php?rest_route=\/wp\/v2\/users\/1"}],"replies":[{"embeddable":true,"href":"https:\/\/mobillab.etsmtl.ca\/index.php?rest_route=%2Fwp%2Fv2%2Fcomments&post=66"}],"version-history":[{"count":0,"href":"https:\/\/mobillab.etsmtl.ca\/index.php?rest_route=\/wp\/v2\/pages\/66\/revisions"}],"wp:attachment":[{"href":"https:\/\/mobillab.etsmtl.ca\/index.php?rest_route=%2Fwp%2Fv2%2Fmedia&parent=66"}],"curies":[{"name":"wp","href":"https:\/\/api.w.org\/{rel}","templated":true}]}}