{"id":74,"date":"2012-10-20T20:30:57","date_gmt":"2012-10-20T19:30:57","guid":{"rendered":"http:\/\/mobillab.etsmtl.ca\/?page_id=74"},"modified":"2012-10-20T20:30:57","modified_gmt":"2012-10-20T19:30:57","slug":"liens","status":"publish","type":"page","link":"https:\/\/mobillab.etsmtl.ca\/?page_id=74","title":{"rendered":"Liens"},"content":{"rendered":"<table>\n<tr>\n<td>\n<p><a href=\"http:\/\/www.youtube.com\/watch?list=PLA1F04F27B2BA0375&#038;v=LaQUOjtufjM&#038;feature=player_detailpage\" target=\"_blank\"><img loading=\"lazy\" decoding=\"async\" src=\" http:\/\/mobillab.etsmtl.ca\/wp-content\/uploads\/2012\/10\/emblem_web1.png\" alt=\"*\" title=\"emblem_web\" width=\"32\" height=\"32\" class=\"alignleft size-full wp-image-77\" \/> Vid\u00e9o explicative du laboratoire chez soi \u00ab Lab@home \u00bb<\/a><\/p>\n<\/td>\n<\/tr>\n<tr>\n<td>\n<p><a href=\"http:\/\/tlad.etsmtl.ca\/diodes\/spip.php?rubrique6\" target=\"_blank\"><img loading=\"lazy\" decoding=\"async\" src=\" http:\/\/mobillab.etsmtl.ca\/wp-content\/uploads\/2012\/10\/emblem_web1.png\" alt=\"*\" title=\"emblem_web\" width=\"32\" height=\"32\" class=\"alignleft size-full wp-image-77\" \/> TLAD1 : Caract\u00e9ristiques des Diodes<\/a><\/p>\n<\/td>\n<\/tr>\n<tr>\n<td>\n<p><a href=\"http:\/\/tlad.etsmtl.ca\/diodes\/spip.php?rubrique11\" target=\"_blank\"><img loading=\"lazy\" decoding=\"async\" src=\" http:\/\/mobillab.etsmtl.ca\/wp-content\/uploads\/2012\/10\/emblem_web1.png\" alt=\"*\" title=\"emblem_web\" width=\"32\" height=\"32\" class=\"alignleft size-full wp-image-77\" \/> TLAD2 : Utilisation des diodes<\/a><\/p>\n<\/td>\n<\/tr>\n<tr>\n<td>\n<p><a href=\"http:\/\/elab.etsmtl.ca\/\" target=\"_blank\"><img loading=\"lazy\" decoding=\"async\" src=\" http:\/\/mobillab.etsmtl.ca\/wp-content\/uploads\/2012\/10\/emblem_web1.png\" alt=\"*\" title=\"emblem_web\" width=\"32\" height=\"32\" class=\"alignleft size-full wp-image-77\" \/> Projet de collaboration \u00ab Laboratoires  partag\u00e9s \u00bb<\/a><\/p>\n<\/td>\n<\/tr>\n<tr>\n<td>\n<p><a href=\"http:\/\/www.youtube.com\/education\" target=\"_blank\"><img loading=\"lazy\" decoding=\"async\" src=\" http:\/\/mobillab.etsmtl.ca\/wp-content\/uploads\/2012\/10\/emblem_web1.png\" alt=\"*\" title=\"emblem_web\" width=\"32\" height=\"32\" class=\"alignleft size-full wp-image-77\" \/> \u00c9ducation<\/a><\/p>\n<\/td>\n<\/tr>\n<tr>\n<td>\n<p><a href=\"http:\/\/www.youtube.com\/playlist?feature=edit_ok&#038;list=PLA1F04F27B2BA0375\" target=\"_blank\"><img loading=\"lazy\" decoding=\"async\" src=\" http:\/\/mobillab.etsmtl.ca\/wp-content\/uploads\/2012\/10\/emblem_web1.png\" alt=\"*\" title=\"emblem_web\" width=\"32\" height=\"32\" class=\"alignleft size-full wp-image-77\" \/> Cha\u00eene Youtube d\u00e9di\u00e9e au G\u00e9nie \u00e9lectrique<\/a><\/p>\n<\/td>\n<\/tr>\n<\/table>\n","protected":false},"excerpt":{"rendered":"<p>Vid\u00e9o explicative du laboratoire chez soi \u00ab Lab@home \u00bb TLAD1 : Caract\u00e9ristiques des Diodes TLAD2 : Utilisation des diodes Projet de collaboration \u00ab Laboratoires partag\u00e9s \u00bb \u00c9ducation Cha\u00eene Youtube d\u00e9di\u00e9e au G\u00e9nie \u00e9lectrique<\/p>\n","protected":false},"author":1,"featured_media":0,"parent":0,"menu_order":6,"comment_status":"closed","ping_status":"closed","template":"full-width-page.php","meta":{"footnotes":""},"class_list":["post-74","page","type-page","status-publish","hentry"],"_links":{"self":[{"href":"https:\/\/mobillab.etsmtl.ca\/index.php?rest_route=\/wp\/v2\/pages\/74","targetHints":{"allow":["GET"]}}],"collection":[{"href":"https:\/\/mobillab.etsmtl.ca\/index.php?rest_route=\/wp\/v2\/pages"}],"about":[{"href":"https:\/\/mobillab.etsmtl.ca\/index.php?rest_route=\/wp\/v2\/types\/page"}],"author":[{"embeddable":true,"href":"https:\/\/mobillab.etsmtl.ca\/index.php?rest_route=\/wp\/v2\/users\/1"}],"replies":[{"embeddable":true,"href":"https:\/\/mobillab.etsmtl.ca\/index.php?rest_route=%2Fwp%2Fv2%2Fcomments&post=74"}],"version-history":[{"count":0,"href":"https:\/\/mobillab.etsmtl.ca\/index.php?rest_route=\/wp\/v2\/pages\/74\/revisions"}],"wp:attachment":[{"href":"https:\/\/mobillab.etsmtl.ca\/index.php?rest_route=%2Fwp%2Fv2%2Fmedia&parent=74"}],"curies":[{"name":"wp","href":"https:\/\/api.w.org\/{rel}","templated":true}]}}